{"id":6373,"date":"2016-09-16T08:51:03","date_gmt":"2016-09-16T06:51:03","guid":{"rendered":"https:\/\/www.dim-international.com\/pt-pt\/?page_id=6373"},"modified":"2018-04-13T10:12:48","modified_gmt":"2018-04-13T08:12:48","slug":"soldadura","status":"publish","type":"page","link":"https:\/\/www.dim-international.com\/pt-pt\/soldadura\/","title":{"rendered":"Schwei\u00dfzus\u00e4tze"},"content":{"rendered":"<section class=\"l-section wpb_row height_medium\"><div class=\"l-section-h i-cf\"><div class=\"g-cols type_default valign_top\"><div class=\"vc_col-sm-12 wpb_column vc_column_container\"><div class=\"vc_column-inner\"><div class=\"wpb_wrapper\"><div class=\"g-cols wpb_row type_default valign_top vc_inner \"><div class=\"vc_col-sm-3 wpb_column vc_column_container\"><div class=\"vc_column-inner\"><div class=\"wpb_wrapper\">\n<div id=\"interactive-banner-1-wrap-3820\" class=\"ult-banner-block ult-adjust-bottom-margin ult-bb-none  banner-style01 \"   style=\"\">\n\t<img decoding=\"async\" src=\"https:\/\/www.dim-international.com\/wp-content\/uploads\/2016\/09\/DIM-fios-para-soldadura-a-laser-moldes-e1474009537171.jpg\" alt=\"DIM fios para soldadura a laser moldes\">\n\t<h3  data-ultimate-target='#interactive-banner-1-wrap-3820 .bb-top-title '  data-responsive-json-new='{\"font-size\":\"\",\"line-height\":\"\"}'  class=\"title-center bb-top-title ult-responsive\" style=\"font-weight:normal;background:#242424;color:#ffffff;\">Fabrico de ferramentas e de moldes e constru\u00e7\u00e3o de m\u00e1quinas<\/h3>\n\t<div class=\"mask opaque-background\" style=\"background:;\">\n\t\t<div  data-ultimate-target='#interactive-banner-1-wrap-3820 .bb-description'  data-responsive-json-new='{\"font-size\":\"\",\"line-height\":\"\"}'  class=\"bb-description ult-responsive\" style=\"font-weight:normal;color:#ffffff;\"><\/div>\n\t<\/div>\n<\/div><\/div><\/div><\/div><div class=\"vc_col-sm-3 wpb_column vc_column_container\"><div class=\"vc_column-inner\"><div class=\"wpb_wrapper\">\n<div id=\"interactive-banner-1-wrap-7096\" class=\"ult-banner-block ult-adjust-bottom-margin ult-bb-none  banner-style01 \"   style=\"\">\n\t<img decoding=\"async\" src=\"https:\/\/www.dim-international.com\/wp-content\/uploads\/2016\/09\/DIM-fios-para-soldadura-a-laser-medica.png\" alt=\"DIM fios para soldadura a laser medica\">\n\t<h3  data-ultimate-target='#interactive-banner-1-wrap-7096 .bb-top-title '  data-responsive-json-new='{\"font-size\":\"\",\"line-height\":\"\"}'  class=\"title-center bb-top-title ult-responsive\" style=\"font-weight:normal;background:#242424;color:#ffffff;\">Constru\u00e7\u00e3o de aparelhos e dispositivos qu\u00edmicos, v\u00e1lvulas, engenharia m\u00e9dica e dent\u00e1ria<\/h3>\n\t<div class=\"mask opaque-background\" style=\"background:;\">\n\t\t<div  data-ultimate-target='#interactive-banner-1-wrap-7096 .bb-description'  data-responsive-json-new='{\"font-size\":\"\",\"line-height\":\"\"}'  class=\"bb-description ult-responsive\" style=\"font-weight:normal;color:#ffffff;\"><\/div>\n\t<\/div>\n<\/div><\/div><\/div><\/div><div class=\"vc_col-sm-3 wpb_column vc_column_container\"><div class=\"vc_column-inner\"><div class=\"wpb_wrapper\">\n<div id=\"interactive-banner-1-wrap-7900\" class=\"ult-banner-block ult-adjust-bottom-margin ult-bb-none  banner-style01 \"   style=\"\">\n\t<img decoding=\"async\" src=\"https:\/\/www.dim-international.com\/wp-content\/uploads\/2016\/09\/DIM-fios-para-soldadura-a-laser-turbinas.jpg\" alt=\"DIM fios para soldadura a laser turbinas\">\n\t<h3  data-ultimate-target='#interactive-banner-1-wrap-7900 .bb-top-title '  data-responsive-json-new='{\"font-size\":\"\",\"line-height\":\"\"}'  class=\"title-center bb-top-title ult-responsive\" style=\"font-weight:normal;background:#242424;color:#ffffff;\">Turbinas e pe\u00e7as para rotores turbo, c\u00e2maras de combust\u00e3o<\/h3>\n\t<div class=\"mask opaque-background\" style=\"background:;\">\n\t\t<div  data-ultimate-target='#interactive-banner-1-wrap-7900 .bb-description'  data-responsive-json-new='{\"font-size\":\"\",\"line-height\":\"\"}'  class=\"bb-description ult-responsive\" style=\"font-weight:normal;color:#ffffff;\"><\/div>\n\t<\/div>\n<\/div><\/div><\/div><\/div><div class=\"vc_col-sm-3 wpb_column vc_column_container\"><div class=\"vc_column-inner\"><div class=\"wpb_wrapper\">\n<div id=\"interactive-banner-1-wrap-9916\" class=\"ult-banner-block ult-adjust-bottom-margin ult-bb-none  banner-style01 \"   style=\"\">\n\t<img decoding=\"async\" src=\"https:\/\/www.dim-international.com\/wp-content\/uploads\/2016\/09\/DIM-fios-para-soldadura-a-laser.jpg\" alt=\"DIM fios para soldadura a laser aero\">\n\t<h3  data-ultimate-target='#interactive-banner-1-wrap-9916 .bb-top-title '  data-responsive-json-new='{\"font-size\":\"\",\"line-height\":\"\"}'  class=\"title-center bb-top-title ult-responsive\" style=\"font-weight:normal;background:#242424;color:#ffffff;\">Aplica\u00e7\u00f5es para super ligas, tecnologia mar\u00edtima, tecnologia aeron\u00e1utica e espacial<\/h3>\n\t<div class=\"mask opaque-background\" style=\"background:;\">\n\t\t<div  data-ultimate-target='#interactive-banner-1-wrap-9916 .bb-description'  data-responsive-json-new='{\"font-size\":\"\",\"line-height\":\"\"}'  class=\"bb-description ult-responsive\" style=\"font-weight:normal;color:#ffffff;\"><\/div>\n\t<\/div>\n<\/div><\/div><\/div><\/div><\/div>\r\n\t<div class=\"wpb_text_column \">\r\n\t\t<div class=\"wpb_wrapper\">\r\n\t\t\t<div class=\"wpb_text_column vc_custom_1471847919912\">\n<div class=\"wpb_wrapper\">\n<h1><strong>Consum\u00edveis de soldadura \/ fios para soldadura a laser<br \/>\n______<br \/>\n<\/strong><\/h1>\n<div id=\"attachment_6375\" style=\"width: 510px\" class=\"wp-caption alignright\"><a ref=\"magnificPopup\" href=\"https:\/\/www.dim-international.com\/wp-content\/uploads\/2016\/09\/DIM-Fios-para-soldadura-a-laser-em-bobina-e-barras.jpg\"><img loading=\"lazy\" decoding=\"async\" aria-describedby=\"caption-attachment-6375\" class=\"wp-image-6375\" src=\"https:\/\/www.dim-international.com\/wp-content\/uploads\/2016\/09\/DIM-Fios-para-soldadura-a-laser-em-bobina-e-barras-300x201.jpg\" alt=\"DIM Fios para soldadura a laser em bobina e barras\" width=\"500\" height=\"335\" srcset=\"https:\/\/www.dim-international.com\/wp-content\/uploads\/2016\/09\/DIM-Fios-para-soldadura-a-laser-em-bobina-e-barras-300x201.jpg 300w, https:\/\/www.dim-international.com\/wp-content\/uploads\/2016\/09\/DIM-Fios-para-soldadura-a-laser-em-bobina-e-barras-768x514.jpg 768w, https:\/\/www.dim-international.com\/wp-content\/uploads\/2016\/09\/DIM-Fios-para-soldadura-a-laser-em-bobina-e-barras-1024x685.jpg 1024w, https:\/\/www.dim-international.com\/wp-content\/uploads\/2016\/09\/DIM-Fios-para-soldadura-a-laser-em-bobina-e-barras-600x402.jpg 600w, https:\/\/www.dim-international.com\/wp-content\/uploads\/2016\/09\/DIM-Fios-para-soldadura-a-laser-em-bobina-e-barras.jpg 1200w\" sizes=\"auto, (max-width: 500px) 100vw, 500px\" \/><\/a><p id=\"caption-attachment-6375\" class=\"wp-caption-text\">DIM Fios para soldadura a laser em bobina e barras<\/p><\/div>\n<p>Consum\u00edveis de soldadura a fios para soldadura a laser confecionados \u00e0 sua medida<\/p>\n<p>Fornecemos quer em bobinas \u00e0 sua escolha,<br \/>\nquer em forma de barras de variados comprimentos \u00e0 sua escolha (<a href=\"http:\/\/www.dim-international.com\/pt-pt\/modalidades\">mais informa\u00e7\u00f5es aqui<\/a>).<\/p>\n<h2>Di\u00e2metro dos consum\u00edveis de soldadura<br \/>\n______<\/h2>\n<p>O di\u00e2metro dos nossos fios de soldadura a laser: 0,1 mm \/ 0,15 \/ 0,2 \/ 0,25 \/ 0,3 a 0,7 a 1,0 mm.<br \/>\nOs di\u00e2metros dispon\u00edveis para cada um dos fios para soldadura a laser constam das listas de invent\u00e1rio (dispon\u00edveis a <a href=\"mailto:info@dim-international.com\"><em>pedido<\/em><\/a>).<\/p>\n<p>O nosso <strong>cat\u00e1logo de materiais de consum\u00edveis para soldadura <\/strong>(<a href=\"http:\/\/www.dim-international.com\/pt-pt\/catalogo\"><em>clique aqui<\/em><\/a>)\u00a0e fichas de dados detalhadas, bem como pre\u00e7os, est\u00e3o dispon\u00edveis a <a href=\"mailto:info@dim-international.com\"><em>pedido<\/em><\/a>.<br \/>\n<a href=\"http:\/\/www.dim-international.com\/pt-pt\/moldes\">Consum\u00edveis para soldadura para fabrico de materiais e moldes <\/a><br \/>\n<a href=\"http:\/\/www.dim-international.com\/pt-pt\/inoxidaveis\">Consum\u00edveis para soldadura para inoxid\u00e1veis: CrNi \/ Ni-Ba<\/a><br \/>\n<a href=\"http:\/\/www.dim-international.com\/pt-pt\/aluminio\">Consum\u00edveis para soldadura para ligas de alum\u00ednio<\/a><br \/>\n<a href=\"http:\/\/www.dim-international.com\/pt-pt\/cobre\">Consum\u00edveis para soldadura para ligas de cobre<\/a><br \/>\n<a href=\"http:\/\/www.dim-international.com\/pt-pt\/titanio\">Consum\u00edveis para soldadura para ligas de tit\u00e2nio <\/a><\/p>\n<p>&nbsp;<\/p>\n<\/div>\n<\/div>\n<div id=\"attachment_7418\" style=\"width: 223px\" class=\"wp-caption alignnone\"><a ref=\"magnificPopup\" href=\"https:\/\/www.dim-international.com\/wp-content\/uploads\/2018\/04\/DIM-Laser-Welding-Wires-catalog.png\"><img loading=\"lazy\" decoding=\"async\" aria-describedby=\"caption-attachment-7418\" class=\"wp-image-7418 size-medium\" src=\"https:\/\/www.dim-international.com\/wp-content\/uploads\/2018\/04\/DIM-Laser-Welding-Wires-catalog-213x300.png\" alt=\"DIM Laser Welding Wires catalog\" width=\"213\" height=\"300\" srcset=\"https:\/\/www.dim-international.com\/wp-content\/uploads\/2018\/04\/DIM-Laser-Welding-Wires-catalog-213x300.png 213w, https:\/\/www.dim-international.com\/wp-content\/uploads\/2018\/04\/DIM-Laser-Welding-Wires-catalog-600x844.png 600w, https:\/\/www.dim-international.com\/wp-content\/uploads\/2018\/04\/DIM-Laser-Welding-Wires-catalog.png 643w\" sizes=\"auto, (max-width: 213px) 100vw, 213px\" \/><\/a><p id=\"caption-attachment-7418\" class=\"wp-caption-text\">DIM Cat\u00e1logo de materiais de consum\u00edveis para soldadura<\/p><\/div>\n<p>&nbsp;<\/p>\n<p><a ref=\"magnificPopup\" href=\"https:\/\/www.dim-international.com\/wp-content\/uploads\/Deutsch\/Laserschwei\u00dfdr\u00e4hte-Qualit\u00e4tssiegel-DIM-e1473920922734.jpg\"><img loading=\"lazy\" decoding=\"async\" class=\" wp-image-5734 alignleft\" src=\"https:\/\/www.dim-international.com\/wp-content\/uploads\/Deutsch\/Laserschwei\u00dfdr\u00e4hte-Qualit\u00e4tssiegel-DIM-e1473920922734-291x300.jpg\" alt=\"Qualit\u00e4tssiegel DIM International Laserschwei\u00dfdr\u00e4hte\" width=\"160\" height=\"165\" srcset=\"https:\/\/www.dim-international.com\/wp-content\/uploads\/Deutsch\/Laserschwei\u00dfdr\u00e4hte-Qualit\u00e4tssiegel-DIM-e1473920922734-291x300.jpg 291w, https:\/\/www.dim-international.com\/wp-content\/uploads\/Deutsch\/Laserschwei\u00dfdr\u00e4hte-Qualit\u00e4tssiegel-DIM-e1473920922734.jpg 307w\" sizes=\"auto, (max-width: 160px) 100vw, 160px\" \/><\/a><\/p>\n<p>&nbsp;<\/p>\n<div class=\"wpb_text_column vc_custom_1471847919912\"><\/div>\n\r\n\t\t<\/div>\r\n\t<\/div>\r\n<\/div><\/div><\/div><\/div><\/div><\/section>\n","protected":false},"excerpt":{"rendered":"Fabrico de ferramentas e de moldes e constru\u00e7\u00e3o de m\u00e1quinas Constru\u00e7\u00e3o de aparelhos e dispositivos qu\u00edmicos, v\u00e1lvulas, engenharia m\u00e9dica e dent\u00e1ria Turbinas e pe\u00e7as para rotores turbo, c\u00e2maras de combust\u00e3o...","protected":false},"author":1,"featured_media":0,"parent":0,"menu_order":0,"comment_status":"closed","ping_status":"closed","template":"","meta":{"_exactmetrics_skip_tracking":false,"_exactmetrics_sitenote_active":false,"_exactmetrics_sitenote_note":"","_exactmetrics_sitenote_category":0,"footnotes":""},"class_list":["post-6373","page","type-page","status-publish","hentry"],"_links":{"self":[{"href":"https:\/\/www.dim-international.com\/pt-pt\/wp-json\/wp\/v2\/pages\/6373","targetHints":{"allow":["GET"]}}],"collection":[{"href":"https:\/\/www.dim-international.com\/pt-pt\/wp-json\/wp\/v2\/pages"}],"about":[{"href":"https:\/\/www.dim-international.com\/pt-pt\/wp-json\/wp\/v2\/types\/page"}],"author":[{"embeddable":true,"href":"https:\/\/www.dim-international.com\/pt-pt\/wp-json\/wp\/v2\/users\/1"}],"replies":[{"embeddable":true,"href":"https:\/\/www.dim-international.com\/pt-pt\/wp-json\/wp\/v2\/comments?post=6373"}],"version-history":[{"count":6,"href":"https:\/\/www.dim-international.com\/pt-pt\/wp-json\/wp\/v2\/pages\/6373\/revisions"}],"predecessor-version":[{"id":7428,"href":"https:\/\/www.dim-international.com\/pt-pt\/wp-json\/wp\/v2\/pages\/6373\/revisions\/7428"}],"wp:attachment":[{"href":"https:\/\/www.dim-international.com\/pt-pt\/wp-json\/wp\/v2\/media?parent=6373"}],"curies":[{"name":"wp","href":"https:\/\/api.w.org\/{rel}","templated":true}]}}