{"id":6008,"date":"2016-09-14T10:05:13","date_gmt":"2016-09-14T08:05:13","guid":{"rendered":"https:\/\/www.dim-international.com\/fr\/?page_id=6008"},"modified":"2016-09-14T10:05:13","modified_gmt":"2016-09-14T08:05:13","slug":"acierinox","status":"publish","type":"page","link":"https:\/\/www.dim-international.com\/fr\/acierinox\/","title":{"rendered":"Apports de soudage pour acier inoxydable : CrNi \/ Ni-Ba"},"content":{"rendered":"\n<table id=\"tablepress-19\" class=\"tablepress tablepress-id-19\">\n<thead>\n<tr class=\"row-1 odd\">\n\t<th class=\"column-1\">Article<\/th><th class=\"column-2\">Propri\u00e9t\u00e9s<\/th><th class=\"column-3\">Utilisation recommand\u00e9e<\/th>\n<\/tr>\n<\/thead>\n<tbody class=\"row-hover\">\n<tr class=\"row-2 even\">\n\t<td class=\"column-1\"><strong>Alliages antirouille et Ni-Ba pour  <br \/>\nr\u00e9alisation d'appareils<br \/>\nAlliages sp\u00e9ciaux<\/strong><\/td><td class=\"column-2\"><strong>1.3912<\/strong> (Invar 36) Alliage d'expansion<br \/>\n<br \/>\n<strong>1.3954<\/strong> - non magn\u00e9tisable, non magn\u00e9tique, par ex. pour 1.3948\/51\/53\/1.4439<br \/>\n<br \/>\n<strong>1.3981<\/strong> (Kovar) Alliage d'expansion<br \/>\n<br \/>\n<strong>1.4009<\/strong><br \/>\n<br \/>\n<strong>1.4104<\/strong> <br \/>\n<br \/>\n<strong>1.4115<\/strong> par ex. pour 1.4006, 1.4021\/34\/57, 1.4112, (G)X35CrMo17, SUS420J2<br \/>\n<br \/>\n<strong>1.4122<\/strong> martensit. Acier, par ex. pour les appareils m\u00e9dicaux, de coupe<br \/>\n<br \/>\n<strong>1.4301<\/strong> par ex. 1.4303\/06\/08\/10\/11\/12\/19\/ 1.4541\/46\/50\/52<br \/>\n<br \/>\n<strong>1.4310<\/strong> par ex. aciers \u00e0 ressort<br \/>\n<br \/>\n<strong>1.4316<\/strong> par ex. 1.4301\/03\/06\/08\/10\/11\/12\/19\/ 1.4541\/46\/50\/52<br \/>\n<br \/>\n<strong>1.4337<\/strong> par ex r\u00e9sistant \u00e0 la chaleur, ferritique-aust\u00e9nitique des aciers Cr-Ni<br \/>\n<br \/>\n<strong>1.4351<\/strong> par ex. 1.4008, 1.4034, 1.4313, 1.4317, 1.4351, 1.4407, 1.4414<br \/>\n<br \/>\n<strong>1.4370<\/strong> par ex. pi\u00e8ce \u00e0 souder martensitique, \u00e9galement 1.4057<br \/>\n<br \/>\n<strong>1.4404<\/strong> par ex. appareils m\u00e9dicaux, r\u00e9alisation d'app. chim.: 1.4401\/03\/09\/35\/36, 1.4571\/8083<br \/>\n<br \/>\n<strong>1.4410<\/strong> Superduplex<br \/>\n<br \/>\n<strong>1.4430<\/strong> par ex. pour 1.4401\/04 \/ 1.4441 aussi 1.4057<br \/>\n<br \/>\n<strong>1.4459<\/strong> par ex. sert de SZW pour couvrir une multitude de mat\u00e9riaux de base inoxydables<br \/>\n<br \/>\n<strong>1.4462<\/strong> \u2013 Duplex<br \/>\n<br \/>\n<strong>1.4501<\/strong> Superduplex<br \/>\n<br \/>\n<strong>1.4502<\/strong> par ex. 1.4000\/02\/16\/57\/59,1.4510\/11\/12\/23<br \/>\n<br \/>\n<strong>1.4519<\/strong> par ex. 1.4539\/37, 1.44\/2939\/\/1.4505\/06, 1.4529\/31\/36, 1.4585<br \/>\n<br \/>\n<strong>1.4539<\/strong> par ex. appareils m\u00e9dicaux, r\u00e9alisation d'app. chim., technologies maritimes<br \/>\n<br \/>\n<strong>1.4542<\/strong> - 17-4 PH par ex. 1.4542 \/ 1.4548 \/ 17.4 PH, ASTM: A564 \/ A705 \/ A693<br \/>\n<br \/>\n<strong>1.4551<\/strong> par ex. pour 1.4312\/1.4541\/43\/46\/50\/51\/52\/1.4878\/1.6902\/05\/07<br \/>\n<br \/>\n<strong>1.4571<\/strong> par ex. 1.4401 \/ 1.4404\/08 \/ 1.4435\/36 \/ 1.4409, 1.4420 \/ 1.4573 \/ 1.4580\/81\/83<br \/>\n<br \/>\n<strong>1.4576<\/strong> par ex. 1.4401 \/ 1.4404\/08 \/ 1.4435\/36 \/ 1.4409, 1.4420 \/ 1.4571\/73 \/ 1.4580\/81\/83<br \/>\n<br \/>\n<strong>1.4755<\/strong>-22H par ex. pour les piles \u00e0 combustible \u00e0 haute temp\u00e9rature (SOFC)<br \/>\n<br \/>\n<strong>1.4842<\/strong> - 1200\u00b0C r\u00e9sistant \u00e0 la calamine, par ex. pour 1.4821-45\/48\/78\/85<br \/>\n<br \/>\n<strong>17-4 \/ AMS 5825<\/strong> par ex. 1.4542 \/ 1.4548 \/ 17.4 PH, ASTM: A564 \/ A705 \/ A693<br \/>\n<br \/>\n<strong>2.4560<\/strong>NiFe par ex. pour les connexions mixtes de tous les types acier-Cu-Ni, fonte grise<br \/>\n<br \/>\n<strong>2.4607<\/strong> par ex. Acides \u00e9lev\u00e9s corrosives, 2.4602\/05\/10, 2.4819<br \/>\nHastelloy C-22 \/ Alloy 22<br \/>\n<br \/>\n<strong>2.4711<\/strong>Alliage de cobalt, hautement r\u00e9sistant \u00e0 la corrosion contre les attaques chimiques<br \/>\n<br \/>\n<strong>2.4806<\/strong> par ex. Alliage \u00e0 base de nickel,  2.4816\/17, 2.4630\/31\/69, 2.4851\/67\/69\/70, 2.4951<br \/>\n<br \/>\n<strong>2.4819 \/ 2.4889<\/strong> (C276) pour fluides hautement corrosifs<br \/>\n<br \/>\n<strong>2.4831<\/strong> par ex. \u00c0 base de nickel en alliage correspond avec Inconel 625 <br \/>\n<br \/>\nAlliages CoCrMo pour la technologie dentaire<br \/>\n<br \/>\n<strong>DIM L-Alloy 21 CoCrMo<\/strong> r\u00e9sistance \u00e0 la corrosion la plus \u00e9lev\u00e9e en chimie. M\u00e9dias, biom\u00e9decine<br \/>\n<br \/>\n<strong>DIM L-Egliloy<\/strong> Co-Superalliage, la plus haute r\u00e9sistance \u00e0 la corrosion contre les produits chimiques. Attaques<br \/>\n<br \/>\n<strong>DIM L-Phyxox<\/strong> Co-Superalloy, la plus haute r\u00e9sistance \u00e0 la corrosion contre les produits chimiques. Attaques<br \/>\n<br \/>\n<strong>DIM L-Kovar<\/strong> Alliage d'expansion<br \/>\n<br \/>\n<strong>DIM L-Invar 36<\/strong> Alliage d'expansion<br \/>\n<br \/>\nAutres + superalloys sur demande<\/td><td class=\"column-3\">diff\u00e9rents alliages Cr et CrNi<br \/>\nR\u00e9alisation d'app.<br \/>\nIndustrie m\u00e9dicale<br \/>\nConstructions g\u00e9n. de machines<br \/>\nIndustrie maritime<br \/>\nElectrotechnique<br \/>\nChambres de combustion<br \/>\nA\u00e9ronautique<br \/>\n<br \/>\nEn cas de besoin, veuillez demander la fiche de donn\u00e9es correspondante<\/td>\n<\/tr>\n<\/tbody>\n<\/table>\n<!-- #tablepress-19 from cache -->\n","protected":false},"excerpt":{"rendered":"ArticlePropri\u00e9t\u00e9sUtilisation recommand\u00e9e Alliages antirouille et Ni-Ba pour r\u00e9alisation d'appareils Alliages sp\u00e9ciaux1.3912 (Invar 36) Alliage d'expansion 1.3954 - non magn\u00e9tisable, non magn\u00e9tique, par ex. pour 1.3948\/51\/53\/1.4439 1.3981 (Kovar) Alliage d'expansion 1.4009...","protected":false},"author":1,"featured_media":0,"parent":0,"menu_order":0,"comment_status":"closed","ping_status":"closed","template":"","meta":{"_exactmetrics_skip_tracking":false,"_exactmetrics_sitenote_active":false,"_exactmetrics_sitenote_note":"","_exactmetrics_sitenote_category":0,"footnotes":""},"class_list":["post-6008","page","type-page","status-publish","hentry"],"_links":{"self":[{"href":"https:\/\/www.dim-international.com\/fr\/wp-json\/wp\/v2\/pages\/6008","targetHints":{"allow":["GET"]}}],"collection":[{"href":"https:\/\/www.dim-international.com\/fr\/wp-json\/wp\/v2\/pages"}],"about":[{"href":"https:\/\/www.dim-international.com\/fr\/wp-json\/wp\/v2\/types\/page"}],"author":[{"embeddable":true,"href":"https:\/\/www.dim-international.com\/fr\/wp-json\/wp\/v2\/users\/1"}],"replies":[{"embeddable":true,"href":"https:\/\/www.dim-international.com\/fr\/wp-json\/wp\/v2\/comments?post=6008"}],"version-history":[{"count":1,"href":"https:\/\/www.dim-international.com\/fr\/wp-json\/wp\/v2\/pages\/6008\/revisions"}],"predecessor-version":[{"id":6012,"href":"https:\/\/www.dim-international.com\/fr\/wp-json\/wp\/v2\/pages\/6008\/revisions\/6012"}],"wp:attachment":[{"href":"https:\/\/www.dim-international.com\/fr\/wp-json\/wp\/v2\/media?parent=6008"}],"curies":[{"name":"wp","href":"https:\/\/api.w.org\/{rel}","templated":true}]}}