{"id":5973,"date":"2016-09-13T15:16:51","date_gmt":"2016-09-13T13:16:51","guid":{"rendered":"https:\/\/www.dim-international.com\/fr\/?page_id=5973"},"modified":"2016-11-14T13:24:36","modified_gmt":"2016-11-14T12:24:36","slug":"livraison","status":"publish","type":"page","link":"https:\/\/www.dim-international.com\/fr\/livraison\/","title":{"rendered":"Lieferformen"},"content":{"rendered":"<section class=\"l-section wpb_row height_medium\"><div class=\"l-section-h i-cf\"><div class=\"g-cols type_default valign_top\"><div class=\"vc_col-sm-12 wpb_column vc_column_container\"><div class=\"vc_column-inner\"><div class=\"wpb_wrapper\">\r\n\t<div class=\"wpb_text_column \">\r\n\t\t<div class=\"wpb_wrapper\">\r\n\t\t\t<h1><strong>Formes de livraison<br \/>\n______<br \/>\n<\/strong><\/h1>\n\r\n\t\t<\/div>\r\n\t<\/div>\r\n<div class=\"g-cols wpb_row type_default valign_top vc_inner \"><div class=\"vc_col-sm-6 wpb_column vc_column_container\"><div class=\"vc_column-inner\"><div class=\"wpb_wrapper\">[vc_custom_heading text=\u00a0\u00bbBobines\u00a0\u00bb google_fonts=\u00a0\u00bbfont_family:Arimo%3Aregular%2Citalic%2C700%2C700italic|font_style:400%20regular%3A400%3Anormal\u00a0\u00bb]<div class=\"w-image vc_custom_1476105052639\"><div class=\"us-frame\"><a href=\"https:\/\/www.dim-international.com\/wp-content\/uploads\/2016\/09\/DIM-fils-\u00e0-souder-au-laser-bobines.jpg\" ref=\"magnificPopup\"><img loading=\"lazy\" decoding=\"async\" width=\"600\" height=\"400\" src=\"https:\/\/www.dim-international.com\/wp-content\/uploads\/2016\/09\/DIM-fils-\u00e0-souder-au-laser-bobines-600x400.jpg\" class=\"attachment-tnail-3x2 size-tnail-3x2\" alt=\"DIM fils \u00e0 souder au laser bobines\" srcset=\"https:\/\/www.dim-international.com\/wp-content\/uploads\/2016\/09\/DIM-fils-\u00e0-souder-au-laser-bobines-600x400.jpg 600w, https:\/\/www.dim-international.com\/wp-content\/uploads\/2016\/09\/DIM-fils-\u00e0-souder-au-laser-bobines-300x201.jpg 300w, https:\/\/www.dim-international.com\/wp-content\/uploads\/2016\/09\/DIM-fils-\u00e0-souder-au-laser-bobines-1024x685.jpg 1024w\" sizes=\"auto, (max-width: 600px) 100vw, 600px\" \/><\/a><\/div><\/div>\r\n\t<div class=\"wpb_text_column \">\r\n\t\t<div class=\"wpb_wrapper\">\r\n\t\t\t<p style=\"text-align: left;\">\n<table id=\"tablepress-16\" class=\"tablepress tablepress-id-16\">\n<thead>\n<tr class=\"row-1 odd\">\n\t<th class=\"column-1\">D\u00e9s. DIN<\/th><th class=\"column-2\">Bride<br \/>\n\u00d8 d1<\/th><th class=\"column-3\">Noyau<br \/>\n\u00d8 d2<\/th><th class=\"column-4\">Perc\u00e9e<br \/>\n\u00d8 d3<\/th><th class=\"column-5\">Longueur<br \/>\nL1<\/th>\n<\/tr>\n<\/thead>\n<tbody>\n<tr class=\"row-2 even\">\n\t<td class=\"column-1\">MA 125<\/td><td class=\"column-2\">125 mm<\/td><td class=\"column-3\">90 mm<\/td><td class=\"column-4\">16 mm<\/td><td class=\"column-5\">37 mm<\/td>\n<\/tr>\n<tr class=\"row-3 odd\">\n\t<td class=\"column-1\">SH 253<\/td><td class=\"column-2\">253,5 mm<\/td><td class=\"column-3\">221mm<\/td><td class=\"column-4\">215 mm<\/td><td class=\"column-5\">37 mm<br \/>\n<\/td>\n<\/tr>\n<tr class=\"row-4 even\">\n\t<td class=\"column-1\">K 100*<\/td><td class=\"column-2\">100 mm<\/td><td class=\"column-3\">63 mm<\/td><td class=\"column-4\">16 mm<\/td><td class=\"column-5\">100 mm<\/td>\n<\/tr>\n<tr class=\"row-5 odd\">\n\t<td class=\"column-1\">K 63*<\/td><td class=\"column-2\">63 mm<\/td><td class=\"column-3\">40 mm<\/td><td class=\"column-4\">11 mm<\/td><td class=\"column-5\">63 mm<\/td>\n<\/tr>\n<\/tbody>\n<\/table>\n<!-- #tablepress-16 from cache --><\/p>\n<p>* disponible en bo\u00eete en plastique<\/p>\n\r\n\t\t<\/div>\r\n\t<\/div>\r\n<\/div><\/div><\/div><div class=\"vc_col-sm-6 wpb_column vc_column_container\"><div class=\"vc_column-inner\"><div class=\"wpb_wrapper\">[vc_custom_heading text=\u00a0\u00bbBarres\u00a0\u00bb google_fonts=\u00a0\u00bbfont_family:Arimo%3Aregular%2Citalic%2C700%2C700italic|font_style:400%20regular%3A400%3Anormal\u00a0\u00bb]<div class=\"w-image\"><div class=\"us-frame\"><a href=\"https:\/\/www.dim-international.com\/wp-content\/uploads\/2016\/09\/DIM-fils-\u00e0-souder-au-laser-barres.jpg\" ref=\"magnificPopup\"><img loading=\"lazy\" decoding=\"async\" width=\"600\" height=\"400\" src=\"https:\/\/www.dim-international.com\/wp-content\/uploads\/2016\/09\/DIM-fils-\u00e0-souder-au-laser-barres-600x400.jpg\" class=\"attachment-tnail-3x2 size-tnail-3x2\" alt=\"DIM fils \u00e0 souder au laser barres\" \/><\/a><\/div><\/div>\r\n\t<div class=\"wpb_text_column \">\r\n\t\t<div class=\"wpb_wrapper\">\r\n\t\t\t<p><strong>Longueur des barres: <\/strong>333 mm<br \/>\n<strong>Longueurs sp\u00e9ciales possibles:<\/strong> 500 mm, 1000 mm<\/p>\n<p>Les quantit\u00e9s sont g\u00e9n\u00e9ralement conditionn\u00e9es selon vos souhaits.<\/p>\n<p><strong>\u00c9galement en stock:<\/strong><br \/>\n<strong>TIG fils de soudage, m\u00eame en petites quantit\u00e9s (de 500g).<\/strong><\/p>\n\r\n\t\t<\/div>\r\n\t<\/div>\r\n<\/div><\/div><\/div><\/div><\/div><\/div><\/div><\/div><\/div><\/section><section class=\"l-section wpb_row height_medium\"><div class=\"l-section-h i-cf\"><div class=\"g-cols type_default valign_top\"><div class=\"vc_col-sm-4 wpb_column vc_column_container\"><div class=\"vc_column-inner  vc_custom_1473077151407\"><div class=\"wpb_wrapper\"><div class=\"w-image align_left\"><div class=\"us-frame\"><a href=\"https:\/\/www.dim-international.com\/wp-content\/uploads\/Deutsch\/Abmessungen-Spule.png\" ref=\"magnificPopup\"><img loading=\"lazy\" decoding=\"async\" width=\"300\" height=\"218\" src=\"https:\/\/www.dim-international.com\/wp-content\/uploads\/Deutsch\/Abmessungen-Spule-300x218.png\" class=\"attachment-medium size-medium\" alt=\"Laserschwei\u00dfdraht auf Spule\" srcset=\"https:\/\/www.dim-international.com\/wp-content\/uploads\/Deutsch\/Abmessungen-Spule-300x218.png 300w, https:\/\/www.dim-international.com\/wp-content\/uploads\/Deutsch\/Abmessungen-Spule.png 389w\" sizes=\"auto, (max-width: 300px) 100vw, 300px\" \/><\/a><\/div><\/div><\/div><\/div><\/div><div class=\"vc_col-sm-4 wpb_column vc_column_container\"><div class=\"vc_column-inner\"><div class=\"wpb_wrapper\"><\/div><\/div><\/div><div class=\"vc_col-sm-4 wpb_column vc_column_container\"><div class=\"vc_column-inner\"><div class=\"wpb_wrapper\"><\/div><\/div><\/div><\/div><\/div><\/section>\n","protected":false},"excerpt":{"rendered":"Formes de livraison ______ [vc_custom_heading text=\"Bobines\" google_fonts=\"font_family:Arimo%3Aregular%2Citalic%2C700%2C700italic|font_style:400%20regular%3A400%3Anormal\"] D\u00e9s. DINBride \u00d8 d1Noyau \u00d8 d2Perc\u00e9e \u00d8 d3Longueur L1 MA 125125 mm90 mm16 mm37 mm SH 253253,5 mm221mm215 mm37 mm K 100*100 mm63...","protected":false},"author":1,"featured_media":0,"parent":0,"menu_order":0,"comment_status":"closed","ping_status":"closed","template":"","meta":{"_exactmetrics_skip_tracking":false,"_exactmetrics_sitenote_active":false,"_exactmetrics_sitenote_note":"","_exactmetrics_sitenote_category":0,"footnotes":""},"class_list":["post-5973","page","type-page","status-publish","hentry"],"_links":{"self":[{"href":"https:\/\/www.dim-international.com\/fr\/wp-json\/wp\/v2\/pages\/5973","targetHints":{"allow":["GET"]}}],"collection":[{"href":"https:\/\/www.dim-international.com\/fr\/wp-json\/wp\/v2\/pages"}],"about":[{"href":"https:\/\/www.dim-international.com\/fr\/wp-json\/wp\/v2\/types\/page"}],"author":[{"embeddable":true,"href":"https:\/\/www.dim-international.com\/fr\/wp-json\/wp\/v2\/users\/1"}],"replies":[{"embeddable":true,"href":"https:\/\/www.dim-international.com\/fr\/wp-json\/wp\/v2\/comments?post=5973"}],"version-history":[{"count":9,"href":"https:\/\/www.dim-international.com\/fr\/wp-json\/wp\/v2\/pages\/5973\/revisions"}],"predecessor-version":[{"id":7319,"href":"https:\/\/www.dim-international.com\/fr\/wp-json\/wp\/v2\/pages\/5973\/revisions\/7319"}],"wp:attachment":[{"href":"https:\/\/www.dim-international.com\/fr\/wp-json\/wp\/v2\/media?parent=5973"}],"curies":[{"name":"wp","href":"https:\/\/api.w.org\/{rel}","templated":true}]}}